{"id":115,"date":"2025-08-20T13:50:19","date_gmt":"2025-08-20T13:50:19","guid":{"rendered":"https:\/\/dev.vwmadeiras.com.br\/?page_id=115"},"modified":"2025-12-03T20:55:43","modified_gmt":"2025-12-03T20:55:43","slug":"certificacoes","status":"publish","type":"page","link":"https:\/\/dev.vwmadeiras.com.br\/en\/certificacoes\/","title":{"rendered":"Certifications"},"content":{"rendered":"<div data-elementor-type=\"wp-page\" data-elementor-id=\"115\" class=\"elementor elementor-115\" data-elementor-post-type=\"page\">\n\t\t\t\t\t\t<section class=\"elementor-section elementor-top-section elementor-element elementor-element-7596fee elementor-section-boxed elementor-section-height-default elementor-section-height-default\" data-id=\"7596fee\" data-element_type=\"section\" data-settings=\"{&quot;background_background&quot;:&quot;classic&quot;}\">\n\t\t\t\t\t\t\t<div class=\"elementor-background-overlay\"><\/div>\n\t\t\t\t\t\t\t<div class=\"elementor-container elementor-column-gap-default\">\n\t\t\t\t\t<div class=\"elementor-column elementor-col-100 elementor-top-column elementor-element elementor-element-474c4ebc\" data-id=\"474c4ebc\" data-element_type=\"column\">\n\t\t\t<div class=\"elementor-widget-wrap elementor-element-populated\">\n\t\t\t\t\t\t<div class=\"elementor-element elementor-element-45204fcd elementor-widget elementor-widget-heading\" data-id=\"45204fcd\" data-element_type=\"widget\" data-widget_type=\"heading.default\">\n\t\t\t\t\t<h2 class=\"elementor-heading-title elementor-size-default\">Certifications<\/h2>\t\t\t\t<\/div>\n\t\t\t\t\t<\/div>\n\t\t<\/div>\n\t\t\t\t\t<\/div>\n\t\t<\/section>\n\t\t\t\t<section class=\"elementor-section elementor-top-section elementor-element elementor-element-2c486eab elementor-section-boxed elementor-section-height-default elementor-section-height-default\" data-id=\"2c486eab\" data-element_type=\"section\" data-settings=\"{&quot;background_background&quot;:&quot;classic&quot;}\">\n\t\t\t\t\t\t<div class=\"elementor-container elementor-column-gap-default\">\n\t\t\t\t\t<div class=\"elementor-column elementor-col-50 elementor-top-column elementor-element elementor-element-13ed65f\" data-id=\"13ed65f\" data-element_type=\"column\" data-settings=\"{&quot;background_background&quot;:&quot;classic&quot;}\">\n\t\t\t<div class=\"elementor-widget-wrap elementor-element-populated\">\n\t\t\t\t<div class=\"elementor-element elementor-element-817713d e-con-full e-flex e-con e-parent\" data-id=\"817713d\" data-element_type=\"container\" data-settings=\"{&quot;background_background&quot;:&quot;classic&quot;}\">\n\t\t\t\t<\/div>\n\t\t\t\t\t<\/div>\n\t\t<\/div>\n\t\t\t\t<div class=\"elementor-column elementor-col-50 elementor-top-column elementor-element elementor-element-78820fa6\" data-id=\"78820fa6\" data-element_type=\"column\" data-settings=\"{&quot;background_background&quot;:&quot;classic&quot;}\">\n\t\t\t<div class=\"elementor-widget-wrap elementor-element-populated\">\n\t\t\t\t\t\t<section class=\"elementor-section elementor-inner-section elementor-element elementor-element-600b14e9 elementor-section-boxed elementor-section-height-default elementor-section-height-default\" data-id=\"600b14e9\" data-element_type=\"section\">\n\t\t\t\t\t\t<div class=\"elementor-container elementor-column-gap-no\">\n\t\t\t\t\t<div class=\"elementor-column elementor-col-100 elementor-inner-column elementor-element elementor-element-2d4ff7fc\" data-id=\"2d4ff7fc\" data-element_type=\"column\" data-settings=\"{&quot;background_background&quot;:&quot;classic&quot;}\">\n\t\t\t<div class=\"elementor-widget-wrap elementor-element-populated\">\n\t\t\t\t\t\t<div class=\"elementor-element elementor-element-7df36a0f elementor-widget elementor-widget-heading\" data-id=\"7df36a0f\" data-element_type=\"widget\" data-widget_type=\"heading.default\">\n\t\t\t\t\t<h3 class=\"elementor-heading-title elementor-size-default\">Nossos diferenciais<\/h3>\t\t\t\t<\/div>\n\t\t\t\t<div class=\"elementor-element elementor-element-459b7f0 elementor-widget elementor-widget-text-editor\" data-id=\"459b7f0\" data-element_type=\"widget\" data-widget_type=\"text-editor.default\">\n\t\t\t\t\t\t\t\t\t<p>VW Madeiras participates in the National Wood Quality Program (PNQM) of the Brazilian Association of Mechanically Processed Wood Industry (ABIMCI), formed by more than 150 companies involved in the production of sawn wood, laminates, plywood, and higher value-added products.<\/p><p>This means that products with pre-established specifications, manufactured under controlled parameters, are offered to the domestic and foreign consumer market to ensure the credibility of the quality certification process.<\/p><p>PNQM certification is important not only in the domestic market but also guarantees access to the European Economic Community's CE certification for wood panels.<\/p>\t\t\t\t\t\t\t\t<\/div>\n\t\t\t\t\t<\/div>\n\t\t<\/div>\n\t\t\t\t\t<\/div>\n\t\t<\/section>\n\t\t\t\t\t<\/div>\n\t\t<\/div>\n\t\t\t\t\t<\/div>\n\t\t<\/section>\n\t\t\t\t<section class=\"elementor-section elementor-top-section elementor-element elementor-element-6b84a21d elementor-section-boxed elementor-section-height-default elementor-section-height-default\" data-id=\"6b84a21d\" data-element_type=\"section\" data-settings=\"{&quot;background_background&quot;:&quot;classic&quot;}\">\n\t\t\t\t\t\t\t<div class=\"elementor-background-overlay\"><\/div>\n\t\t\t\t\t\t\t<div class=\"elementor-container elementor-column-gap-default\">\n\t\t\t\t\t<div class=\"elementor-column elementor-col-100 elementor-top-column elementor-element elementor-element-e295de\" data-id=\"e295de\" data-element_type=\"column\">\n\t\t\t<div class=\"elementor-widget-wrap elementor-element-populated\">\n\t\t\t\t\t\t<section class=\"elementor-section elementor-inner-section elementor-element elementor-element-12fa88e9 elementor-section-content-bottom elementor-section-boxed elementor-section-height-default elementor-section-height-default\" data-id=\"12fa88e9\" data-element_type=\"section\">\n\t\t\t\t\t\t<div class=\"elementor-container elementor-column-gap-no\">\n\t\t\t\t\t<div class=\"elementor-column elementor-col-50 elementor-inner-column elementor-element elementor-element-26eef929 animated-slow elementor-invisible\" data-id=\"26eef929\" data-element_type=\"column\" data-settings=\"{&quot;animation&quot;:&quot;fadeInLeft&quot;,&quot;animation_delay&quot;:40}\">\n\t\t\t<div class=\"elementor-widget-wrap elementor-element-populated\">\n\t\t\t\t\t\t<div class=\"elementor-element elementor-element-db35095 elementor-widget elementor-widget-image\" data-id=\"db35095\" data-element_type=\"widget\" data-widget_type=\"image.default\">\n\t\t\t\t\t\t\t\t\t\t\t\t\t\t\t<img fetchpriority=\"high\" decoding=\"async\" width=\"500\" height=\"500\" src=\"https:\/\/dev.vwmadeiras.com.br\/wp-content\/uploads\/2025\/08\/fsc.png\" class=\"attachment-large size-large wp-image-410\" alt=\"\" srcset=\"https:\/\/dev.vwmadeiras.com.br\/wp-content\/uploads\/2025\/08\/fsc.png 500w, https:\/\/dev.vwmadeiras.com.br\/wp-content\/uploads\/2025\/08\/fsc-300x300.png 300w, https:\/\/dev.vwmadeiras.com.br\/wp-content\/uploads\/2025\/08\/fsc-150x150.png 150w, https:\/\/dev.vwmadeiras.com.br\/wp-content\/uploads\/2025\/08\/fsc-12x12.png 12w\" sizes=\"(max-width: 500px) 100vw, 500px\" \/>\t\t\t\t\t\t\t\t\t\t\t\t\t\t\t<\/div>\n\t\t\t\t<div class=\"elementor-element elementor-element-7508925 elementor-widget__width-initial elementor-widget elementor-widget-text-editor\" data-id=\"7508925\" data-element_type=\"widget\" data-widget_type=\"text-editor.default\">\n\t\t\t\t\t\t\t\t\t<p>VW Madeiras LTDA uses raw materials sourced from environmentally sound and economically viable reforestation, ensuring environmental preservation and traceability throughout the production chain.<\/p>\t\t\t\t\t\t\t\t<\/div>\n\t\t\t\t\t<\/div>\n\t\t<\/div>\n\t\t\t\t<div class=\"elementor-column elementor-col-50 elementor-inner-column elementor-element elementor-element-4fbd627 animated-slow elementor-invisible\" data-id=\"4fbd627\" data-element_type=\"column\" data-settings=\"{&quot;animation&quot;:&quot;fadeInRight&quot;,&quot;animation_delay&quot;:40}\">\n\t\t\t<div class=\"elementor-widget-wrap elementor-element-populated\">\n\t\t\t\t\t\t<div class=\"elementor-element elementor-element-4538a4e elementor-widget elementor-widget-image\" data-id=\"4538a4e\" data-element_type=\"widget\" data-widget_type=\"image.default\">\n\t\t\t\t\t\t\t\t\t\t\t\t\t\t\t<img decoding=\"async\" width=\"800\" height=\"800\" src=\"https:\/\/dev.vwmadeiras.com.br\/wp-content\/uploads\/2025\/08\/ce4.png\" class=\"attachment-large size-large wp-image-409\" alt=\"\" srcset=\"https:\/\/dev.vwmadeiras.com.br\/wp-content\/uploads\/2025\/08\/ce4.png 1000w, https:\/\/dev.vwmadeiras.com.br\/wp-content\/uploads\/2025\/08\/ce4-300x300.png 300w, https:\/\/dev.vwmadeiras.com.br\/wp-content\/uploads\/2025\/08\/ce4-150x150.png 150w, https:\/\/dev.vwmadeiras.com.br\/wp-content\/uploads\/2025\/08\/ce4-768x768.png 768w, https:\/\/dev.vwmadeiras.com.br\/wp-content\/uploads\/2025\/08\/ce4-12x12.png 12w\" sizes=\"(max-width: 800px) 100vw, 800px\" \/>\t\t\t\t\t\t\t\t\t\t\t\t\t\t\t<\/div>\n\t\t\t\t<div class=\"elementor-element elementor-element-24a6085 elementor-widget__width-initial elementor-widget elementor-widget-text-editor\" data-id=\"24a6085\" data-element_type=\"widget\" data-widget_type=\"text-editor.default\">\n\t\t\t\t\t\t\t\t\t<div class=\"et_pb_column et_pb_column_1_3 et_pb_column_3 et_pb_css_mix_blend_mode_passthrough\"><div class=\"et_pb_module et_pb_text et_pb_text_2 et_pb_text_align_left et_pb_bg_layout_light\"><div class=\"et_pb_text_inner\"><p>European Community certification for plywood intended for non-structural civil construction. These products feature high bonding durability, low formaldehyde emissions, and resistance to deterioration.<\/p><\/div><\/div><\/div>\t\t\t\t\t\t\t\t<\/div>\n\t\t\t\t\t<\/div>\n\t\t<\/div>\n\t\t\t\t\t<\/div>\n\t\t<\/section>\n\t\t\t\t<section class=\"elementor-section elementor-inner-section elementor-element elementor-element-f96a663 elementor-section-content-bottom elementor-section-boxed elementor-section-height-default elementor-section-height-default\" data-id=\"f96a663\" data-element_type=\"section\">\n\t\t\t\t\t\t<div class=\"elementor-container elementor-column-gap-no\">\n\t\t\t\t\t<div class=\"elementor-column elementor-col-50 elementor-inner-column elementor-element elementor-element-56eecc6 animated-slow elementor-invisible\" data-id=\"56eecc6\" data-element_type=\"column\" data-settings=\"{&quot;animation&quot;:&quot;fadeInLeft&quot;,&quot;animation_delay&quot;:40}\">\n\t\t\t<div class=\"elementor-widget-wrap elementor-element-populated\">\n\t\t\t\t\t\t<div class=\"elementor-element elementor-element-659d659 elementor-widget elementor-widget-image\" data-id=\"659d659\" data-element_type=\"widget\" data-widget_type=\"image.default\">\n\t\t\t\t\t\t\t\t\t\t\t\t\t\t\t<img decoding=\"async\" width=\"400\" height=\"400\" src=\"https:\/\/dev.vwmadeiras.com.br\/wp-content\/uploads\/2025\/08\/carb.png\" class=\"attachment-large size-large wp-image-408\" alt=\"\" srcset=\"https:\/\/dev.vwmadeiras.com.br\/wp-content\/uploads\/2025\/08\/carb.png 400w, https:\/\/dev.vwmadeiras.com.br\/wp-content\/uploads\/2025\/08\/carb-300x300.png 300w, https:\/\/dev.vwmadeiras.com.br\/wp-content\/uploads\/2025\/08\/carb-150x150.png 150w, https:\/\/dev.vwmadeiras.com.br\/wp-content\/uploads\/2025\/08\/carb-12x12.png 12w\" sizes=\"(max-width: 400px) 100vw, 400px\" \/>\t\t\t\t\t\t\t\t\t\t\t\t\t\t\t<\/div>\n\t\t\t\t<div class=\"elementor-element elementor-element-16d6764 elementor-widget__width-initial elementor-widget elementor-widget-text-editor\" data-id=\"16d6764\" data-element_type=\"widget\" data-widget_type=\"text-editor.default\">\n\t\t\t\t\t\t\t\t\t<div class=\"et_pb_row et_pb_row_1\"><div class=\"et_pb_column et_pb_column_1_3 et_pb_column_4 et_pb_css_mix_blend_mode_passthrough et-last-child\"><div class=\"et_pb_module et_pb_text et_pb_text_3 et_pb_text_align_left et_pb_bg_layout_light\"><div class=\"et_pb_text_inner\"><p>VW Madeiras has an executive order issued by the California Air Resources Board (CARB), which approves the use of NAF\/ULEF resins, meeting all CARB ATCM 93120 and EPA TSCA Title VI requirements, supervised by a third-party certifier (TCP).<\/p><\/div><\/div><\/div><\/div>\t\t\t\t\t\t\t\t<\/div>\n\t\t\t\t\t<\/div>\n\t\t<\/div>\n\t\t\t\t<div class=\"elementor-column elementor-col-50 elementor-inner-column elementor-element elementor-element-c209256 animated-slow elementor-invisible\" data-id=\"c209256\" data-element_type=\"column\" data-settings=\"{&quot;animation&quot;:&quot;fadeInRight&quot;,&quot;animation_delay&quot;:40}\">\n\t\t\t<div class=\"elementor-widget-wrap elementor-element-populated\">\n\t\t\t\t\t\t<div class=\"elementor-element elementor-element-62b4c96 elementor-widget elementor-widget-image\" data-id=\"62b4c96\" data-element_type=\"widget\" data-widget_type=\"image.default\">\n\t\t\t\t\t\t\t\t\t\t\t\t\t\t\t<img loading=\"lazy\" decoding=\"async\" width=\"214\" height=\"202\" src=\"https:\/\/dev.vwmadeiras.com.br\/wp-content\/uploads\/2025\/08\/ce-2.png\" class=\"attachment-large size-large wp-image-407\" alt=\"\" srcset=\"https:\/\/dev.vwmadeiras.com.br\/wp-content\/uploads\/2025\/08\/ce-2.png 214w, https:\/\/dev.vwmadeiras.com.br\/wp-content\/uploads\/2025\/08\/ce-2-13x12.png 13w\" sizes=\"(max-width: 214px) 100vw, 214px\" \/>\t\t\t\t\t\t\t\t\t\t\t\t\t\t\t<\/div>\n\t\t\t\t<div class=\"elementor-element elementor-element-bbb8912 elementor-widget__width-initial elementor-widget elementor-widget-text-editor\" data-id=\"bbb8912\" data-element_type=\"widget\" data-widget_type=\"text-editor.default\">\n\t\t\t\t\t\t\t\t\t<div class=\"et_pb_column et_pb_column_1_3 et_pb_column_3 et_pb_css_mix_blend_mode_passthrough\"><div class=\"et_pb_module et_pb_text et_pb_text_2 et_pb_text_align_left et_pb_bg_layout_light\"><div class=\"et_pb_text_inner\"><p>The CE2+ marking meets all the requirements of European standard EN 13986:2004 + A1:2015. These requirements are based on three pillars: monitoring of inputs, monitoring of production processes, and laboratory testing.<\/p><p>Plywood panels with the CE2+ marking are structural products with low formaldehyde emissions (E1) and can be used in humid environments for purposes such as flooring, walls, ceilings, and other uses in civil construction.<\/p><\/div><\/div><\/div>\t\t\t\t\t\t\t\t<\/div>\n\t\t\t\t\t<\/div>\n\t\t<\/div>\n\t\t\t\t\t<\/div>\n\t\t<\/section>\n\t\t\t\t\t<\/div>\n\t\t<\/div>\n\t\t\t\t\t<\/div>\n\t\t<\/section>\n\t\t\t\t<section class=\"elementor-section elementor-top-section elementor-element elementor-element-3e858700 elementor-section-boxed elementor-section-height-default elementor-section-height-default\" data-id=\"3e858700\" data-element_type=\"section\" data-settings=\"{&quot;background_background&quot;:&quot;classic&quot;}\">\n\t\t\t\t\t\t\t<div class=\"elementor-background-overlay\"><\/div>\n\t\t\t\t\t\t\t<div class=\"elementor-container elementor-column-gap-default\">\n\t\t\t\t\t<div class=\"elementor-column elementor-col-100 elementor-top-column elementor-element elementor-element-3bcdc648\" data-id=\"3bcdc648\" data-element_type=\"column\">\n\t\t\t<div class=\"elementor-widget-wrap elementor-element-populated\">\n\t\t\t\t\t\t<div class=\"elementor-element elementor-element-14d7b833 animated-slow elementor-invisible elementor-widget elementor-widget-heading\" data-id=\"14d7b833\" data-element_type=\"widget\" data-settings=\"{&quot;_animation&quot;:&quot;fadeInUp&quot;}\" data-widget_type=\"heading.default\">\n\t\t\t\t\t<h2 class=\"elementor-heading-title elementor-size-default\">Want to learn more about our solutions?<\/h2>\t\t\t\t<\/div>\n\t\t\t\t<div class=\"elementor-element elementor-element-2930c841 elementor-widget elementor-widget-text-editor\" data-id=\"2930c841\" data-element_type=\"widget\" data-widget_type=\"text-editor.default\">\n\t\t\t\t\t\t\t\t\t<p data-start=\"685\" data-end=\"866\">Every project is unique, and we can help you find the ideal option for your needs. Request information, quotes, or talk to our sales team.<\/p>\t\t\t\t\t\t\t\t<\/div>\n\t\t\t\t<div class=\"elementor-element elementor-element-53a504c1 elementor-align-center elementor-mobile-align-center animated-slow elementor-invisible elementor-widget elementor-widget-button\" data-id=\"53a504c1\" data-element_type=\"widget\" data-settings=\"{&quot;_animation&quot;:&quot;fadeInUp&quot;}\" data-widget_type=\"button.default\">\n\t\t\t\t\t\t\t\t\t\t<a class=\"elementor-button elementor-button-link elementor-size-sm elementor-animation-float\" href=\"https:\/\/wa.me\/554632321010\">\n\t\t\t\t\t\t<span class=\"elementor-button-content-wrapper\">\n\t\t\t\t\t\t\t\t\t<span class=\"elementor-button-text\">Request a Quote<\/span>\n\t\t\t\t\t<\/span>\n\t\t\t\t\t<\/a>\n\t\t\t\t\t\t\t\t<\/div>\n\t\t\t\t\t<\/div>\n\t\t<\/div>\n\t\t\t\t\t<\/div>\n\t\t<\/section>\n\t\t\t\t<\/div>","protected":false},"excerpt":{"rendered":"<p>Certifica\u00e7\u00f5es Nossos diferenciais A VW Madeiras participa do Programa Nacional da Qualidade da Madeira (PNQM), da Associa\u00e7\u00e3o Brasileira da Ind\u00fastria da Madeira Processada Mecanicamente (ABIMCI), formada por mais de 150 empresas envolvidas na produ\u00e7\u00e3o de madeira serrada, laminados, compensados e produtos de maior valor agregado. Dessa forma, s\u00e3o oferecidos ao mercado consumidor, interno e externo, [&hellip;]<\/p>","protected":false},"author":1,"featured_media":0,"parent":0,"menu_order":0,"comment_status":"closed","ping_status":"closed","template":"","meta":{"footnotes":""},"class_list":["post-115","page","type-page","status-publish","hentry"],"_links":{"self":[{"href":"https:\/\/dev.vwmadeiras.com.br\/en\/wp-json\/wp\/v2\/pages\/115","targetHints":{"allow":["GET"]}}],"collection":[{"href":"https:\/\/dev.vwmadeiras.com.br\/en\/wp-json\/wp\/v2\/pages"}],"about":[{"href":"https:\/\/dev.vwmadeiras.com.br\/en\/wp-json\/wp\/v2\/types\/page"}],"author":[{"embeddable":true,"href":"https:\/\/dev.vwmadeiras.com.br\/en\/wp-json\/wp\/v2\/users\/1"}],"replies":[{"embeddable":true,"href":"https:\/\/dev.vwmadeiras.com.br\/en\/wp-json\/wp\/v2\/comments?post=115"}],"version-history":[{"count":0,"href":"https:\/\/dev.vwmadeiras.com.br\/en\/wp-json\/wp\/v2\/pages\/115\/revisions"}],"wp:attachment":[{"href":"https:\/\/dev.vwmadeiras.com.br\/en\/wp-json\/wp\/v2\/media?parent=115"}],"curies":[{"name":"wp","href":"https:\/\/api.w.org\/{rel}","templated":true}]}}