{"id":112,"date":"2025-08-20T13:50:02","date_gmt":"2025-08-20T13:50:02","guid":{"rendered":"https:\/\/dev.vwmadeiras.com.br\/?page_id=112"},"modified":"2025-12-02T18:33:13","modified_gmt":"2025-12-02T18:33:13","slug":"meio-ambiente","status":"publish","type":"page","link":"https:\/\/dev.vwmadeiras.com.br\/en\/meio-ambiente\/","title":{"rendered":"Environment"},"content":{"rendered":"<div data-elementor-type=\"wp-page\" data-elementor-id=\"112\" class=\"elementor elementor-112\" data-elementor-post-type=\"page\">\n\t\t\t\t\t\t<section class=\"elementor-section elementor-top-section elementor-element elementor-element-5efac915 elementor-section-boxed elementor-section-height-default elementor-section-height-default\" data-id=\"5efac915\" data-element_type=\"section\" data-settings=\"{&quot;background_background&quot;:&quot;classic&quot;}\">\n\t\t\t\t\t\t\t<div class=\"elementor-background-overlay\"><\/div>\n\t\t\t\t\t\t\t<div class=\"elementor-container elementor-column-gap-default\">\n\t\t\t\t\t<div class=\"elementor-column elementor-col-100 elementor-top-column elementor-element elementor-element-193a303a\" data-id=\"193a303a\" data-element_type=\"column\">\n\t\t\t<div class=\"elementor-widget-wrap elementor-element-populated\">\n\t\t\t\t\t\t<div class=\"elementor-element elementor-element-48091ce2 elementor-widget elementor-widget-heading\" data-id=\"48091ce2\" data-element_type=\"widget\" data-widget_type=\"heading.default\">\n\t\t\t\t\t<h2 class=\"elementor-heading-title elementor-size-default\">Environment<\/h2>\t\t\t\t<\/div>\n\t\t\t\t\t<\/div>\n\t\t<\/div>\n\t\t\t\t\t<\/div>\n\t\t<\/section>\n\t\t\t\t<section class=\"elementor-section elementor-top-section elementor-element elementor-element-2c2039a1 elementor-section-content-middle elementor-section-boxed elementor-section-height-default elementor-section-height-default\" data-id=\"2c2039a1\" data-element_type=\"section\">\n\t\t\t\t\t\t<div class=\"elementor-container elementor-column-gap-default\">\n\t\t\t\t\t<div class=\"elementor-column elementor-col-50 elementor-top-column elementor-element elementor-element-6851a867\" data-id=\"6851a867\" data-element_type=\"column\">\n\t\t\t<div class=\"elementor-widget-wrap elementor-element-populated\">\n\t\t\t\t\t\t<div class=\"elementor-element elementor-element-4a45b299 elementor-widget elementor-widget-image\" data-id=\"4a45b299\" data-element_type=\"widget\" data-widget_type=\"image.default\">\n\t\t\t\t\t\t\t\t\t\t\t\t\t\t\t<img fetchpriority=\"high\" decoding=\"async\" width=\"1707\" height=\"2560\" src=\"https:\/\/dev.vwmadeiras.com.br\/wp-content\/uploads\/2025\/12\/foto-vertical-de-baixo-angulo-de-um-tronco-de-arvore-coberto-de-musgo-sob-o-ceu-azul-claro-scaled.jpg\" class=\"attachment-full size-full wp-image-1015\" alt=\"\" srcset=\"https:\/\/dev.vwmadeiras.com.br\/wp-content\/uploads\/2025\/12\/foto-vertical-de-baixo-angulo-de-um-tronco-de-arvore-coberto-de-musgo-sob-o-ceu-azul-claro-scaled.jpg 1707w, https:\/\/dev.vwmadeiras.com.br\/wp-content\/uploads\/2025\/12\/foto-vertical-de-baixo-angulo-de-um-tronco-de-arvore-coberto-de-musgo-sob-o-ceu-azul-claro-200x300.jpg 200w, https:\/\/dev.vwmadeiras.com.br\/wp-content\/uploads\/2025\/12\/foto-vertical-de-baixo-angulo-de-um-tronco-de-arvore-coberto-de-musgo-sob-o-ceu-azul-claro-683x1024.jpg 683w, https:\/\/dev.vwmadeiras.com.br\/wp-content\/uploads\/2025\/12\/foto-vertical-de-baixo-angulo-de-um-tronco-de-arvore-coberto-de-musgo-sob-o-ceu-azul-claro-768x1152.jpg 768w, https:\/\/dev.vwmadeiras.com.br\/wp-content\/uploads\/2025\/12\/foto-vertical-de-baixo-angulo-de-um-tronco-de-arvore-coberto-de-musgo-sob-o-ceu-azul-claro-1024x1536.jpg 1024w, https:\/\/dev.vwmadeiras.com.br\/wp-content\/uploads\/2025\/12\/foto-vertical-de-baixo-angulo-de-um-tronco-de-arvore-coberto-de-musgo-sob-o-ceu-azul-claro-1365x2048.jpg 1365w, https:\/\/dev.vwmadeiras.com.br\/wp-content\/uploads\/2025\/12\/foto-vertical-de-baixo-angulo-de-um-tronco-de-arvore-coberto-de-musgo-sob-o-ceu-azul-claro-8x12.jpg 8w\" sizes=\"(max-width: 1707px) 100vw, 1707px\" \/>\t\t\t\t\t\t\t\t\t\t\t\t\t\t\t<\/div>\n\t\t\t\t\t<\/div>\n\t\t<\/div>\n\t\t\t\t<div class=\"elementor-column elementor-col-50 elementor-top-column elementor-element elementor-element-151559b8\" data-id=\"151559b8\" data-element_type=\"column\">\n\t\t\t<div class=\"elementor-widget-wrap elementor-element-populated\">\n\t\t\t\t\t\t<div class=\"elementor-element elementor-element-c7f8526 animated-slow elementor-invisible elementor-widget elementor-widget-heading\" data-id=\"c7f8526\" data-element_type=\"widget\" data-settings=\"{&quot;_animation&quot;:&quot;fadeInRight&quot;}\" data-widget_type=\"heading.default\">\n\t\t\t\t\t<h5 class=\"elementor-heading-title elementor-size-default\">Environment<\/h5>\t\t\t\t<\/div>\n\t\t\t\t<div class=\"elementor-element elementor-element-153547e3 elementor-widget elementor-widget-heading\" data-id=\"153547e3\" data-element_type=\"widget\" data-widget_type=\"heading.default\">\n\t\t\t\t\t<h2 class=\"elementor-heading-title elementor-size-default\">Sustainability is in Our Roots.<\/h2>\t\t\t\t<\/div>\n\t\t\t\t<div class=\"elementor-element elementor-element-58495618 elementor-widget elementor-widget-text-editor\" data-id=\"58495618\" data-element_type=\"widget\" data-widget_type=\"text-editor.default\">\n\t\t\t\t\t\t\t\t\t<p>Environmental preservation is a constant concern in the company's daily activities. VW Madeiras seeks to use natural resources rationally, in a way that does not harm flora and fauna during the production process. The intention is to combine economic development with environmental protection sustainably.<\/p><p>Since 1994, VW Madeiras has planted pine and eucalyptus seedlings and promoted the technical management of trees. This has allowed the company to become self-sufficient in wood production and obtain higher-quality products. Every year, VW Madeiras expands its reforestation areas with seedlings grown in its nursery.<\/p><p>While increasing its own wood production, VW Madeiras only uses raw materials from suppliers with reforestation programs.<\/p>\t\t\t\t\t\t\t\t<\/div>\n\t\t\t\t<section class=\"elementor-section elementor-inner-section elementor-element elementor-element-5be1a8a9 elementor-section-content-middle elementor-section-boxed elementor-section-height-default elementor-section-height-default\" data-id=\"5be1a8a9\" data-element_type=\"section\">\n\t\t\t\t\t\t<div class=\"elementor-container elementor-column-gap-no\">\n\t\t\t\t\t<div class=\"elementor-column elementor-col-50 elementor-inner-column elementor-element elementor-element-77cbb709\" data-id=\"77cbb709\" data-element_type=\"column\">\n\t\t\t<div class=\"elementor-widget-wrap elementor-element-populated\">\n\t\t\t\t\t\t<div class=\"elementor-element elementor-element-7a232d84 elementor-align-left elementor-tablet-align-left elementor-mobile-align-left elementor-widget elementor-widget-button\" data-id=\"7a232d84\" data-element_type=\"widget\" data-widget_type=\"button.default\">\n\t\t\t\t\t\t\t\t\t\t<a class=\"elementor-button elementor-button-link elementor-size-lg\" href=\"\/en\/certificacoes\/\">\n\t\t\t\t\t\t<span class=\"elementor-button-content-wrapper\">\n\t\t\t\t\t\t\t\t\t<span class=\"elementor-button-text\">Our certifications<\/span>\n\t\t\t\t\t<\/span>\n\t\t\t\t\t<\/a>\n\t\t\t\t\t\t\t\t<\/div>\n\t\t\t\t\t<\/div>\n\t\t<\/div>\n\t\t\t\t<div class=\"elementor-column elementor-col-50 elementor-inner-column elementor-element elementor-element-2854b9e2\" data-id=\"2854b9e2\" data-element_type=\"column\">\n\t\t\t<div class=\"elementor-widget-wrap\">\n\t\t\t\t\t\t\t<\/div>\n\t\t<\/div>\n\t\t\t\t\t<\/div>\n\t\t<\/section>\n\t\t\t\t\t<\/div>\n\t\t<\/div>\n\t\t\t\t\t<\/div>\n\t\t<\/section>\n\t\t\t\t<section class=\"elementor-section elementor-top-section elementor-element elementor-element-3bed41e3 elementor-section-content-middle elementor-section-boxed elementor-section-height-default elementor-section-height-default\" data-id=\"3bed41e3\" data-element_type=\"section\" data-settings=\"{&quot;background_background&quot;:&quot;classic&quot;}\">\n\t\t\t\t\t\t\t<div class=\"elementor-background-overlay\"><\/div>\n\t\t\t\t\t\t\t<div class=\"elementor-container elementor-column-gap-default\">\n\t\t\t\t\t<div class=\"elementor-column elementor-col-100 elementor-top-column elementor-element elementor-element-30e96cf1\" data-id=\"30e96cf1\" data-element_type=\"column\">\n\t\t\t<div class=\"elementor-widget-wrap elementor-element-populated\">\n\t\t\t\t\t\t<div class=\"elementor-element elementor-element-5b9227fe elementor-widget elementor-widget-text-editor\" data-id=\"5b9227fe\" data-element_type=\"widget\" data-widget_type=\"text-editor.default\">\n\t\t\t\t\t\t\t\t\t<p>The company also develops actions for the preservation of water sources and springs, in addition to promoting the recovery of degraded areas with the use of native tree seedlings produced in its nursery. These species are the target of research and genetic development for economic purposes.<\/p><p>Another initiative that promotes the rational use of natural resources is using rainwater in the boiler, which produces the steam that powers much of the industry.<\/p><p>Responsible resource use also includes using wood waste as fuel. Additionally, the industry treats glue and other chemicals appropriately, in accordance with current legislation, to prevent soil pollution. More than 80% of the water used in the process is reused.<\/p>\t\t\t\t\t\t\t\t<\/div>\n\t\t\t\t\t<\/div>\n\t\t<\/div>\n\t\t\t\t\t<\/div>\n\t\t<\/section>\n\t\t\t\t<section class=\"elementor-section elementor-top-section elementor-element elementor-element-73b16f0f elementor-section-boxed elementor-section-height-default elementor-section-height-default\" data-id=\"73b16f0f\" data-element_type=\"section\">\n\t\t\t\t\t\t<div class=\"elementor-container elementor-column-gap-default\">\n\t\t\t\t\t<div class=\"elementor-column elementor-col-100 elementor-top-column elementor-element elementor-element-5e9427b7\" data-id=\"5e9427b7\" data-element_type=\"column\">\n\t\t\t<div class=\"elementor-widget-wrap elementor-element-populated\">\n\t\t\t\t\t\t<section class=\"elementor-section elementor-inner-section elementor-element elementor-element-5e31c9b6 animated-slow elementor-section-full_width elementor-section-height-default elementor-section-height-default elementor-invisible\" data-id=\"5e31c9b6\" data-element_type=\"section\" data-settings=\"{&quot;background_background&quot;:&quot;classic&quot;,&quot;animation&quot;:&quot;fadeInUp&quot;}\">\n\t\t\t\t\t\t\t<div class=\"elementor-background-overlay\"><\/div>\n\t\t\t\t\t\t\t<div class=\"elementor-container elementor-column-gap-default\">\n\t\t\t\t\t<div class=\"elementor-column elementor-col-100 elementor-inner-column elementor-element elementor-element-c39f1d6\" data-id=\"c39f1d6\" data-element_type=\"column\">\n\t\t\t<div class=\"elementor-widget-wrap elementor-element-populated\">\n\t\t\t\t\t\t<div class=\"elementor-element elementor-element-9478ffc gallery-spacing-custom elementor-widget__width-inherit elementor-widget elementor-widget-image-gallery\" data-id=\"9478ffc\" data-element_type=\"widget\" data-widget_type=\"image-gallery.default\">\n\t\t\t\t\t\t\t<div class=\"elementor-image-gallery\">\n\t\t\t<div id='gallery-1' class='gallery galleryid-112 gallery-columns-4 gallery-size-large'><figure class='gallery-item'>\n\t\t\t<div class='gallery-icon portrait'>\n\t\t\t\t<a data-elementor-open-lightbox=\"yes\" data-elementor-lightbox-slideshow=\"9478ffc\" data-elementor-lightbox-title=\"VW-17\" data-e-action-hash=\"#elementor-action%3Aaction%3Dlightbox%26settings%3DeyJpZCI6OTU0LCJ1cmwiOiJodHRwczpcL1wvZGV2LnZ3bWFkZWlyYXMuY29tLmJyXC93cC1jb250ZW50XC91cGxvYWRzXC8yMDI1XC8xMlwvVlctMTctc2NhbGVkLmpwZyIsInNsaWRlc2hvdyI6Ijk0NzhmZmMifQ%3D%3D\" href='https:\/\/dev.vwmadeiras.com.br\/wp-content\/uploads\/2025\/12\/VW-17-scaled.jpg'><img decoding=\"async\" width=\"800\" height=\"1000\" src=\"https:\/\/dev.vwmadeiras.com.br\/wp-content\/uploads\/2025\/12\/VW-17-819x1024.jpg\" class=\"attachment-large size-large\" alt=\"\" srcset=\"https:\/\/dev.vwmadeiras.com.br\/wp-content\/uploads\/2025\/12\/VW-17-819x1024.jpg 819w, https:\/\/dev.vwmadeiras.com.br\/wp-content\/uploads\/2025\/12\/VW-17-240x300.jpg 240w, https:\/\/dev.vwmadeiras.com.br\/wp-content\/uploads\/2025\/12\/VW-17-768x960.jpg 768w, https:\/\/dev.vwmadeiras.com.br\/wp-content\/uploads\/2025\/12\/VW-17-1229x1536.jpg 1229w, https:\/\/dev.vwmadeiras.com.br\/wp-content\/uploads\/2025\/12\/VW-17-1638x2048.jpg 1638w, https:\/\/dev.vwmadeiras.com.br\/wp-content\/uploads\/2025\/12\/VW-17-10x12.jpg 10w, https:\/\/dev.vwmadeiras.com.br\/wp-content\/uploads\/2025\/12\/VW-17-scaled.jpg 2048w\" sizes=\"(max-width: 800px) 100vw, 800px\" \/><\/a>\n\t\t\t<\/div><\/figure><figure class='gallery-item'>\n\t\t\t<div class='gallery-icon portrait'>\n\t\t\t\t<a data-elementor-open-lightbox=\"yes\" data-elementor-lightbox-slideshow=\"9478ffc\" data-elementor-lightbox-title=\"VW-14\" data-e-action-hash=\"#elementor-action%3Aaction%3Dlightbox%26settings%3DeyJpZCI6OTI3LCJ1cmwiOiJodHRwczpcL1wvZGV2LnZ3bWFkZWlyYXMuY29tLmJyXC93cC1jb250ZW50XC91cGxvYWRzXC8yMDI1XC8xMlwvVlctMTQtc2NhbGVkLmpwZyIsInNsaWRlc2hvdyI6Ijk0NzhmZmMifQ%3D%3D\" href='https:\/\/dev.vwmadeiras.com.br\/wp-content\/uploads\/2025\/12\/VW-14-scaled.jpg'><img decoding=\"async\" width=\"800\" height=\"1000\" src=\"https:\/\/dev.vwmadeiras.com.br\/wp-content\/uploads\/2025\/12\/VW-14-819x1024.jpg\" class=\"attachment-large size-large\" alt=\"\" srcset=\"https:\/\/dev.vwmadeiras.com.br\/wp-content\/uploads\/2025\/12\/VW-14-819x1024.jpg 819w, https:\/\/dev.vwmadeiras.com.br\/wp-content\/uploads\/2025\/12\/VW-14-240x300.jpg 240w, https:\/\/dev.vwmadeiras.com.br\/wp-content\/uploads\/2025\/12\/VW-14-768x960.jpg 768w, https:\/\/dev.vwmadeiras.com.br\/wp-content\/uploads\/2025\/12\/VW-14-1229x1536.jpg 1229w, https:\/\/dev.vwmadeiras.com.br\/wp-content\/uploads\/2025\/12\/VW-14-1638x2048.jpg 1638w, https:\/\/dev.vwmadeiras.com.br\/wp-content\/uploads\/2025\/12\/VW-14-10x12.jpg 10w, https:\/\/dev.vwmadeiras.com.br\/wp-content\/uploads\/2025\/12\/VW-14-scaled.jpg 2048w\" sizes=\"(max-width: 800px) 100vw, 800px\" \/><\/a>\n\t\t\t<\/div><\/figure><figure class='gallery-item'>\n\t\t\t<div class='gallery-icon portrait'>\n\t\t\t\t<a data-elementor-open-lightbox=\"yes\" data-elementor-lightbox-slideshow=\"9478ffc\" data-elementor-lightbox-title=\"VW-18\" data-e-action-hash=\"#elementor-action%3Aaction%3Dlightbox%26settings%3DeyJpZCI6MTAwNSwidXJsIjoiaHR0cHM6XC9cL2Rldi52d21hZGVpcmFzLmNvbS5iclwvd3AtY29udGVudFwvdXBsb2Fkc1wvMjAyNVwvMTJcL1ZXLTE4LXNjYWxlZC5qcGciLCJzbGlkZXNob3ciOiI5NDc4ZmZjIn0%3D\" href='https:\/\/dev.vwmadeiras.com.br\/wp-content\/uploads\/2025\/12\/VW-18-scaled.jpg'><img loading=\"lazy\" decoding=\"async\" width=\"800\" height=\"1000\" src=\"https:\/\/dev.vwmadeiras.com.br\/wp-content\/uploads\/2025\/12\/VW-18-819x1024.jpg\" class=\"attachment-large size-large\" alt=\"\" srcset=\"https:\/\/dev.vwmadeiras.com.br\/wp-content\/uploads\/2025\/12\/VW-18-819x1024.jpg 819w, https:\/\/dev.vwmadeiras.com.br\/wp-content\/uploads\/2025\/12\/VW-18-240x300.jpg 240w, https:\/\/dev.vwmadeiras.com.br\/wp-content\/uploads\/2025\/12\/VW-18-768x960.jpg 768w, https:\/\/dev.vwmadeiras.com.br\/wp-content\/uploads\/2025\/12\/VW-18-1229x1536.jpg 1229w, https:\/\/dev.vwmadeiras.com.br\/wp-content\/uploads\/2025\/12\/VW-18-1638x2048.jpg 1638w, https:\/\/dev.vwmadeiras.com.br\/wp-content\/uploads\/2025\/12\/VW-18-10x12.jpg 10w, https:\/\/dev.vwmadeiras.com.br\/wp-content\/uploads\/2025\/12\/VW-18-scaled.jpg 2048w\" sizes=\"(max-width: 800px) 100vw, 800px\" \/><\/a>\n\t\t\t<\/div><\/figure><figure class='gallery-item'>\n\t\t\t<div class='gallery-icon portrait'>\n\t\t\t\t<a data-elementor-open-lightbox=\"yes\" data-elementor-lightbox-slideshow=\"9478ffc\" data-elementor-lightbox-title=\"VW-16\" data-e-action-hash=\"#elementor-action%3Aaction%3Dlightbox%26settings%3DeyJpZCI6MTAxMSwidXJsIjoiaHR0cHM6XC9cL2Rldi52d21hZGVpcmFzLmNvbS5iclwvd3AtY29udGVudFwvdXBsb2Fkc1wvMjAyNVwvMTJcL1ZXLTE2LXNjYWxlZC5qcGciLCJzbGlkZXNob3ciOiI5NDc4ZmZjIn0%3D\" href='https:\/\/dev.vwmadeiras.com.br\/wp-content\/uploads\/2025\/12\/VW-16-scaled.jpg'><img loading=\"lazy\" decoding=\"async\" width=\"800\" height=\"1000\" src=\"https:\/\/dev.vwmadeiras.com.br\/wp-content\/uploads\/2025\/12\/VW-16-819x1024.jpg\" class=\"attachment-large size-large\" alt=\"\" srcset=\"https:\/\/dev.vwmadeiras.com.br\/wp-content\/uploads\/2025\/12\/VW-16-819x1024.jpg 819w, https:\/\/dev.vwmadeiras.com.br\/wp-content\/uploads\/2025\/12\/VW-16-240x300.jpg 240w, https:\/\/dev.vwmadeiras.com.br\/wp-content\/uploads\/2025\/12\/VW-16-768x960.jpg 768w, https:\/\/dev.vwmadeiras.com.br\/wp-content\/uploads\/2025\/12\/VW-16-1229x1536.jpg 1229w, https:\/\/dev.vwmadeiras.com.br\/wp-content\/uploads\/2025\/12\/VW-16-1638x2048.jpg 1638w, https:\/\/dev.vwmadeiras.com.br\/wp-content\/uploads\/2025\/12\/VW-16-10x12.jpg 10w, https:\/\/dev.vwmadeiras.com.br\/wp-content\/uploads\/2025\/12\/VW-16-scaled.jpg 2048w\" sizes=\"(max-width: 800px) 100vw, 800px\" \/><\/a>\n\t\t\t<\/div><\/figure>\n\t\t<\/div>\n\t\t<\/div>\n\t\t\t\t\t\t<\/div>\n\t\t\t\t\t<\/div>\n\t\t<\/div>\n\t\t\t\t\t<\/div>\n\t\t<\/section>\n\t\t\t\t\t<\/div>\n\t\t<\/div>\n\t\t\t\t\t<\/div>\n\t\t<\/section>\n\t\t\t\t<section class=\"elementor-section elementor-top-section elementor-element elementor-element-2d7e8e6d elementor-section-boxed elementor-section-height-default elementor-section-height-default\" data-id=\"2d7e8e6d\" data-element_type=\"section\" data-settings=\"{&quot;background_background&quot;:&quot;classic&quot;}\">\n\t\t\t\t\t\t\t<div class=\"elementor-background-overlay\"><\/div>\n\t\t\t\t\t\t\t<div class=\"elementor-container elementor-column-gap-default\">\n\t\t\t\t\t<div class=\"elementor-column elementor-col-100 elementor-top-column elementor-element elementor-element-11794d86\" data-id=\"11794d86\" data-element_type=\"column\">\n\t\t\t<div class=\"elementor-widget-wrap elementor-element-populated\">\n\t\t\t\t\t\t<div class=\"elementor-element elementor-element-5d91ea2e elementor-widget elementor-widget-heading\" data-id=\"5d91ea2e\" data-element_type=\"widget\" data-widget_type=\"heading.default\">\n\t\t\t\t\t<h2 class=\"elementor-heading-title elementor-size-default\">Have any questions? Get in touch with us!<\/h2>\t\t\t\t<\/div>\n\t\t\t\t<div class=\"elementor-element elementor-element-23e26e0f elementor-widget elementor-widget-text-editor\" data-id=\"23e26e0f\" data-element_type=\"widget\" data-widget_type=\"text-editor.default\">\n\t\t\t\t\t\t\t\t\t<p data-start=\"341\" data-end=\"539\">Our team is ready to answer your questions, present solutions, and assist with whatever you need. Contact us and speak directly with experts who understand your business.<\/p>\t\t\t\t\t\t\t\t<\/div>\n\t\t\t\t<div class=\"elementor-element elementor-element-4a7f5e73 elementor-align-center elementor-mobile-align-center animated-slow elementor-invisible elementor-widget elementor-widget-button\" data-id=\"4a7f5e73\" data-element_type=\"widget\" data-settings=\"{&quot;_animation&quot;:&quot;fadeInLeft&quot;}\" data-widget_type=\"button.default\">\n\t\t\t\t\t\t\t\t\t\t<a class=\"elementor-button elementor-button-link elementor-size-sm elementor-animation-float\" href=\"\/en\/contato\/\">\n\t\t\t\t\t\t<span class=\"elementor-button-content-wrapper\">\n\t\t\t\t\t\t\t\t\t<span class=\"elementor-button-text\">Contact Us<\/span>\n\t\t\t\t\t<\/span>\n\t\t\t\t\t<\/a>\n\t\t\t\t\t\t\t\t<\/div>\n\t\t\t\t\t<\/div>\n\t\t<\/div>\n\t\t\t\t\t<\/div>\n\t\t<\/section>\n\t\t\t\t<\/div>","protected":false},"excerpt":{"rendered":"<p>Meio Ambiente Meio ambiente A Sustentabilidade est\u00e1 em nossas ra\u00edzes. A preserva\u00e7\u00e3o ambiental \u00e9 uma preocupa\u00e7\u00e3o constante no cotidiano da empresa. A VW Madeiras busca utilizar os recursos naturais de maneira racional para que o processo produtivo n\u00e3o seja prejudicial \u00e0 flora e \u00e0 fauna. A inten\u00e7\u00e3o \u00e9 aliar o desenvolvimento econ\u00f4mico \u00e0 prote\u00e7\u00e3o ambiental [&hellip;]<\/p>","protected":false},"author":1,"featured_media":0,"parent":0,"menu_order":0,"comment_status":"closed","ping_status":"closed","template":"","meta":{"footnotes":""},"class_list":["post-112","page","type-page","status-publish","hentry"],"_links":{"self":[{"href":"https:\/\/dev.vwmadeiras.com.br\/en\/wp-json\/wp\/v2\/pages\/112","targetHints":{"allow":["GET"]}}],"collection":[{"href":"https:\/\/dev.vwmadeiras.com.br\/en\/wp-json\/wp\/v2\/pages"}],"about":[{"href":"https:\/\/dev.vwmadeiras.com.br\/en\/wp-json\/wp\/v2\/types\/page"}],"author":[{"embeddable":true,"href":"https:\/\/dev.vwmadeiras.com.br\/en\/wp-json\/wp\/v2\/users\/1"}],"replies":[{"embeddable":true,"href":"https:\/\/dev.vwmadeiras.com.br\/en\/wp-json\/wp\/v2\/comments?post=112"}],"version-history":[{"count":0,"href":"https:\/\/dev.vwmadeiras.com.br\/en\/wp-json\/wp\/v2\/pages\/112\/revisions"}],"wp:attachment":[{"href":"https:\/\/dev.vwmadeiras.com.br\/en\/wp-json\/wp\/v2\/media?parent=112"}],"curies":[{"name":"wp","href":"https:\/\/api.w.org\/{rel}","templated":true}]}}